{"id":565,"date":"2019-09-11T20:05:01","date_gmt":"2019-09-11T20:05:01","guid":{"rendered":"http:\/\/svolurnar.is\/?page_id=565"},"modified":"2022-08-10T15:55:28","modified_gmt":"2022-08-10T15:55:28","slug":"myndir","status":"publish","type":"page","link":"https:\/\/svolurnar.is\/?page_id=565","title":{"rendered":"Myndir"},"content":{"rendered":"\n<p><a href=\"http:\/\/svolurnar.is\/?page_id=571\">Vorfer\u00f0alag 2019<\/a><\/p>\n\n\n\n<p id=\"Vorfer\u00f0alag-2021\"><a href=\"https:\/\/svolurnar.is\/?page_id=923\" data-type=\"page\" data-id=\"923\">Vorfer\u00f0alag 2021<\/a><a href=\"\"><\/a><\/p>\n\n\n\n<p><a href=\"https:\/\/photos.app.goo.gl\/qBPomvdAEJAVewAv8\">Vorfer\u00f0alag 2022<\/a><\/p>\n","protected":false},"excerpt":{"rendered":"<p>Vorfer\u00f0alag 2019 Vorfer\u00f0alag 2021 Vorfer\u00f0alag 2022<\/p>\n","protected":false},"author":1,"featured_media":0,"parent":0,"menu_order":0,"comment_status":"closed","ping_status":"closed","template":"","meta":{"footnotes":""},"_links":{"self":[{"href":"https:\/\/svolurnar.is\/index.php?rest_route=\/wp\/v2\/pages\/565"}],"collection":[{"href":"https:\/\/svolurnar.is\/index.php?rest_route=\/wp\/v2\/pages"}],"about":[{"href":"https:\/\/svolurnar.is\/index.php?rest_route=\/wp\/v2\/types\/page"}],"author":[{"embeddable":true,"href":"https:\/\/svolurnar.is\/index.php?rest_route=\/wp\/v2\/users\/1"}],"replies":[{"embeddable":true,"href":"https:\/\/svolurnar.is\/index.php?rest_route=%2Fwp%2Fv2%2Fcomments&post=565"}],"version-history":[{"count":14,"href":"https:\/\/svolurnar.is\/index.php?rest_route=\/wp\/v2\/pages\/565\/revisions"}],"predecessor-version":[{"id":1038,"href":"https:\/\/svolurnar.is\/index.php?rest_route=\/wp\/v2\/pages\/565\/revisions\/1038"}],"wp:attachment":[{"href":"https:\/\/svolurnar.is\/index.php?rest_route=%2Fwp%2Fv2%2Fmedia&parent=565"}],"curies":[{"name":"wp","href":"https:\/\/api.w.org\/{rel}","templated":true}]}}