{"id":412,"date":"2018-10-23T21:46:42","date_gmt":"2018-10-23T21:46:42","guid":{"rendered":"http:\/\/nyr.svolurnar.is\/?page_id=412"},"modified":"2026-01-09T17:19:16","modified_gmt":"2026-01-09T17:19:16","slug":"412-2","status":"publish","type":"page","link":"https:\/\/svolurnar.is\/?page_id=412","title":{"rendered":"J\u00f3lakort Svalanna"},"content":{"rendered":"<p><strong><em>Sv\u00f6lurnar eru a\u00f0 h\u00e6tta s\u00f6lu j\u00f3lakorta til fj\u00e1r\u00f6flunar.<\/em> Fri\u00f0arj\u00f3lakortin h\u00e9r a\u00f0 ne\u00f0an eru enn til og seld \u00e1 tilbo\u00f0sver\u00f0i,\u00a0 fimm kort \u00ed pakka \u00e1 500 kr.\u00a0 Allur \u00e1g\u00f3\u00f0i af s\u00f6lu kortanna rennur beint \u00ed styrktarsj\u00f3\u00f0 Svalanna.<\/strong><\/p>\n<p><strong>H\u00e9r m\u00e1 finna uppl\u00fdsingar um \u00feau kort sem Sv\u00f6lurnar selja \u00e1ri\u00f0 2025-6. <\/strong><img loading=\"lazy\" decoding=\"async\" class=\"alignnone  wp-image-786\" src=\"http:\/\/svolurnar.is\/wp-content\/uploads\/2019\/11\/fri\u00f0arj\u00f3l-240x300.jpg\" alt=\"\" width=\"472\" height=\"590\" \/><\/p>\n<p>\u00deessi fallegu\u00a0 j\u00f3lakort sem bo\u00f0a fri\u00f0 \u00e1 j\u00f6r\u00f0 eru\u00a0 12&#215;16 sm \u00e1 st\u00e6r\u00f0 og me\u00f0 j\u00f3lakve\u00f0ju \u00e1 sex tungum\u00e1lum auk \u00edslensku.<\/p>\n<div id=\"attachment_785\" style=\"width: 430px\" class=\"wp-caption alignnone\"><img loading=\"lazy\" decoding=\"async\" aria-describedby=\"caption-attachment-785\" class=\" wp-image-785\" src=\"http:\/\/svolurnar.is\/wp-content\/uploads\/2019\/11\/20191116_132953-300x142.jpg\" alt=\"\" width=\"420\" height=\"199\" srcset=\"https:\/\/svolurnar.is\/wp-content\/uploads\/2019\/11\/20191116_132953-300x142.jpg 300w, https:\/\/svolurnar.is\/wp-content\/uploads\/2019\/11\/20191116_132953-1024x484.jpg 1024w, https:\/\/svolurnar.is\/wp-content\/uploads\/2019\/11\/20191116_132953-768x363.jpg 768w, https:\/\/svolurnar.is\/wp-content\/uploads\/2019\/11\/20191116_132953-1536x726.jpg 1536w, https:\/\/svolurnar.is\/wp-content\/uploads\/2019\/11\/20191116_132953-2048x968.jpg 2048w\" sizes=\"(max-width: 420px) 100vw, 420px\" \/><p id=\"caption-attachment-785\" class=\"wp-caption-text\">Texti inni \u00ed Fri\u00f0arj\u00f3l kortinu<\/p><\/div>\n<p>Lagerinn okkar er \u00f3\u00f0um a\u00f0 t\u00e6mast og ver\u00f0a kortin eing\u00f6ngu til s\u00f6lu hj\u00e1 f\u00e9l\u00f6gum \u00ed Sv\u00f6lunum. \u00dev\u00ed er um a\u00f0 gera a\u00f0 hafa samband sem fyrst til a\u00f0 tryggja s\u00e9r falleg j\u00f3lakort \u00e1 \u00feessu g\u00f3\u00f0a tilbo\u00f0sver\u00f0i.<\/p>\n<p>Vinsamlegast hafa samband og panta \u00e1 netfangi okkar\u00a0<em><strong>svolurnar@svolurnar.is<\/strong><\/em><\/p>\n<p>Vi\u00f0 minnum l\u00edka \u00e1 litlu fallegu t\u00e6kif\u00e6riskortin okkar<\/p>\n<p><img loading=\"lazy\" decoding=\"async\" class=\"alignnone size-full wp-image-1122\" src=\"http:\/\/svolurnar.is\/wp-content\/uploads\/2024\/06\/gjafakort-gyllt-300x106-1.jpg\" alt=\"\" width=\"300\" height=\"106\" \/><\/p>\n<p><img loading=\"lazy\" decoding=\"async\" class=\"alignnone size-medium wp-image-423\" src=\"http:\/\/svolurnar.is\/wp-content\/uploads\/2018\/10\/Hvitt-litid-samudar-300x191-300x191-300x191.jpg\" alt=\"\" width=\"300\" height=\"191\" \/><\/p>\n<p>Gjafakort og minningarkort eru 10 \u00ed b\u00fanti \u00e1 1.000 kr.<\/p>\n\n\n\n\n<p><\/p>\n","protected":false},"excerpt":{"rendered":"<p>Sv\u00f6lurnar eru a\u00f0 h\u00e6tta s\u00f6lu j\u00f3lakorta til fj\u00e1r\u00f6flunar. Fri\u00f0arj\u00f3lakortin h\u00e9r a\u00f0 ne\u00f0an eru enn til og seld \u00e1 tilbo\u00f0sver\u00f0i,\u00a0 fimm kort \u00ed pakka \u00e1 500 kr.\u00a0 Allur \u00e1g\u00f3\u00f0i af s\u00f6lu kortanna rennur beint \u00ed styrktarsj\u00f3\u00f0 Svalanna. H\u00e9r m\u00e1 finna uppl\u00fdsingar um \u00feau kort sem Sv\u00f6lurnar selja \u00e1ri\u00f0 2025-6. \u00deessi fallegu\u00a0 j\u00f3lakort sem bo\u00f0a fri\u00f0 \u00e1 &hellip; <a href=\"https:\/\/svolurnar.is\/?page_id=412\" class=\"more-link\">Continue reading <span class=\"screen-reader-text\">J\u00f3lakort Svalanna<\/span><\/a><\/p>\n","protected":false},"author":1,"featured_media":0,"parent":124,"menu_order":1,"comment_status":"closed","ping_status":"closed","template":"","meta":{"footnotes":""},"_links":{"self":[{"href":"https:\/\/svolurnar.is\/index.php?rest_route=\/wp\/v2\/pages\/412"}],"collection":[{"href":"https:\/\/svolurnar.is\/index.php?rest_route=\/wp\/v2\/pages"}],"about":[{"href":"https:\/\/svolurnar.is\/index.php?rest_route=\/wp\/v2\/types\/page"}],"author":[{"embeddable":true,"href":"https:\/\/svolurnar.is\/index.php?rest_route=\/wp\/v2\/users\/1"}],"replies":[{"embeddable":true,"href":"https:\/\/svolurnar.is\/index.php?rest_route=%2Fwp%2Fv2%2Fcomments&post=412"}],"version-history":[{"count":17,"href":"https:\/\/svolurnar.is\/index.php?rest_route=\/wp\/v2\/pages\/412\/revisions"}],"predecessor-version":[{"id":1227,"href":"https:\/\/svolurnar.is\/index.php?rest_route=\/wp\/v2\/pages\/412\/revisions\/1227"}],"up":[{"embeddable":true,"href":"https:\/\/svolurnar.is\/index.php?rest_route=\/wp\/v2\/pages\/124"}],"wp:attachment":[{"href":"https:\/\/svolurnar.is\/index.php?rest_route=%2Fwp%2Fv2%2Fmedia&parent=412"}],"curies":[{"name":"wp","href":"https:\/\/api.w.org\/{rel}","templated":true}]}}