{"id":39,"date":"2018-03-08T15:34:43","date_gmt":"2018-03-08T15:34:43","guid":{"rendered":"http:\/\/nyr.svolurnar.is\/?page_id=39"},"modified":"2026-03-11T11:44:04","modified_gmt":"2026-03-11T11:44:04","slug":"stjorn-og-nefndir","status":"publish","type":"page","link":"https:\/\/svolurnar.is\/?page_id=39","title":{"rendered":"Stj\u00f3rn og nefndir"},"content":{"rendered":"<h2><strong>STJ\u00d3RN SVALANNA 2025-2026<\/strong><\/h2>\n<h3><em>Forma\u00f0ur:<\/em><\/h3>\n<p>\u00de\u00f3runn Steingr\u00edmsd\u00f3ttir<\/p>\n<h3><em>Ritari:<\/em><\/h3>\n<p>Anna D\u00f3ra Gu\u00f0mundsd\u00f3ttir<\/p>\n<h3><em>Gjaldkeri:<\/em><\/h3>\n<p>Anna Krist\u00edn Einarsson<\/p>\n<h3><em>Uppl\u00fdsingafulltr\u00fai:<\/em><\/h3>\n<p>Anna Lind Vega Kolbr\u00fanard\u00f3ttir<\/p>\n<h3><em>Kortasala:<\/em><\/h3>\n<p>\u00d3skar \u00c1st\u00fe\u00f3rsson &#8211; Umsj\u00f3n me\u00f0 kortas\u00f6lu<\/p>\n<h3><em>Me\u00f0stj\u00f3rnendur:<\/em><\/h3>\n<p>Gu\u00f0r\u00fan Kr Gunnarsd\u00f3ttir<br \/>\nVala Georgsd\u00f3ttir<\/p>\n<h3><em>Sko\u00f0unarmenn reikninga<\/em><\/h3>\n<p>Ingibj\u00f6rg Nor\u00f0dahl<br \/>\nIngunn Kristj\u00e1nsd\u00f3ttir<\/p>\n<h2><em>FJ\u00c1R\u00d6FLUNARNEFND<\/em><\/h2>\n<p>\u00cd fj\u00e1r\u00f6flunarnefndir er skipa\u00f0 hverju sinni eftir verkefnum.<\/p>\n<h3><em>UMSJ\u00d3N ME\u00d0 VEFMI\u00d0LUM<\/em><\/h3>\n<p>Anna Lind Vega Kolbr\u00fanard\u00f3ttir<\/p>\n","protected":false},"excerpt":{"rendered":"<p>STJ\u00d3RN SVALANNA 2025-2026 Forma\u00f0ur: \u00de\u00f3runn Steingr\u00edmsd\u00f3ttir Ritari: Anna D\u00f3ra Gu\u00f0mundsd\u00f3ttir Gjaldkeri: Anna Krist\u00edn Einarsson Uppl\u00fdsingafulltr\u00fai: Anna Lind Vega Kolbr\u00fanard\u00f3ttir Kortasala: \u00d3skar \u00c1st\u00fe\u00f3rsson &#8211; Umsj\u00f3n me\u00f0 kortas\u00f6lu Me\u00f0stj\u00f3rnendur: Gu\u00f0r\u00fan Kr Gunnarsd\u00f3ttir Vala Georgsd\u00f3ttir Sko\u00f0unarmenn reikninga Ingibj\u00f6rg Nor\u00f0dahl Ingunn Kristj\u00e1nsd\u00f3ttir FJ\u00c1R\u00d6FLUNARNEFND \u00cd fj\u00e1r\u00f6flunarnefndir er skipa\u00f0 hverju sinni eftir verkefnum. UMSJ\u00d3N ME\u00d0 VEFMI\u00d0LUM Anna Lind Vega Kolbr\u00fanard\u00f3ttir<\/p>\n","protected":false},"author":1,"featured_media":0,"parent":8,"menu_order":3,"comment_status":"closed","ping_status":"closed","template":"","meta":{"footnotes":""},"_links":{"self":[{"href":"https:\/\/svolurnar.is\/index.php?rest_route=\/wp\/v2\/pages\/39"}],"collection":[{"href":"https:\/\/svolurnar.is\/index.php?rest_route=\/wp\/v2\/pages"}],"about":[{"href":"https:\/\/svolurnar.is\/index.php?rest_route=\/wp\/v2\/types\/page"}],"author":[{"embeddable":true,"href":"https:\/\/svolurnar.is\/index.php?rest_route=\/wp\/v2\/users\/1"}],"replies":[{"embeddable":true,"href":"https:\/\/svolurnar.is\/index.php?rest_route=%2Fwp%2Fv2%2Fcomments&post=39"}],"version-history":[{"count":28,"href":"https:\/\/svolurnar.is\/index.php?rest_route=\/wp\/v2\/pages\/39\/revisions"}],"predecessor-version":[{"id":1239,"href":"https:\/\/svolurnar.is\/index.php?rest_route=\/wp\/v2\/pages\/39\/revisions\/1239"}],"up":[{"embeddable":true,"href":"https:\/\/svolurnar.is\/index.php?rest_route=\/wp\/v2\/pages\/8"}],"wp:attachment":[{"href":"https:\/\/svolurnar.is\/index.php?rest_route=%2Fwp%2Fv2%2Fmedia&parent=39"}],"curies":[{"name":"wp","href":"https:\/\/api.w.org\/{rel}","templated":true}]}}