{"id":35,"date":"2018-03-08T15:33:10","date_gmt":"2018-03-08T15:33:10","guid":{"rendered":"http:\/\/nyr.svolurnar.is\/?page_id=35"},"modified":"2018-03-08T16:07:07","modified_gmt":"2018-03-08T16:07:07","slug":"saga-felagsins","status":"publish","type":"page","link":"https:\/\/svolurnar.is\/?page_id=35","title":{"rendered":"Saga f\u00e9lagsins"},"content":{"rendered":"<p>\u00c1ri\u00f0 1974 hittust nokkrar Loftlei\u00f0a flugfreyjur og vi\u00f0ru\u00f0u \u00fe\u00e1 hugmynd a\u00f0 stofna f\u00e9lag fyrrverandi og starfandi flugfreyja. Eins og konum einum er lagi\u00f0 var drifi\u00f0 \u00ed fyrsta fundi 14. mars \u00fea\u00f0 sama \u00e1r og formlega var svo f\u00e9lagi\u00f0 stofna\u00f0 \u00feann 5.ma\u00ed 1974. Starfs\u00e1ri\u00f0 h\u00f3fst svo me\u00f0 m\u00e1na\u00f0arlegum fundum um hausti\u00f0 og var flugfreyjum Flugf\u00e9lags \u00cdslands bo\u00f0i\u00f0 a\u00f0 vera me\u00f0 og flj\u00f3tlega var\u00f0 f\u00e9lagi\u00f0 opi\u00f0 \u00f6llum sem hafa bori\u00f0 starfsheiti\u00f0 flugfreyja e\u00f0a flug\u00fej\u00f3nn.\u00a0 \u00deetta sama haust var f\u00e9laginu gefi\u00f0 \u00feetta fallega og t\u00e1knr\u00e6na nafn Sv\u00f6lurnar.<\/p>\n<p>Sv\u00f6lurnar byggja starf sitt \u00e1 \u00feeirri hugmynd a\u00f0 efla og vi\u00f0halda g\u00f3\u00f0um kynnum auk \u00feess a\u00f0 fr\u00e6\u00f0ast og skemmta s\u00e9r um lei\u00f0 og \u00fe\u00e6r l\u00e1ta gott af s\u00e9r lei\u00f0a. F\u00e9lagi\u00f0 var fr\u00e1 upphafi g\u00f3\u00f0ger\u00f0arf\u00e9lag og hefur alla t\u00ed\u00f0 haldi\u00f0 \u00fati \u00f6flugri fj\u00e1r\u00f6flunarstarfsemi .\u00a0 A\u00f0alfj\u00e1r\u00f6flun Svalanna er \u00fatg\u00e1fa j\u00f3lakorta sem hafa \u00fdmist veri\u00f0 h\u00f6nnu\u00f0 af listfengum Sv\u00f6lum e\u00f0a velunnurum \u00feeirra og hafa allir gefi\u00f0 vinnu s\u00edna. A\u00f0 sj\u00e1lfs\u00f6g\u00f0u leggja svo f\u00e9lagskonur fram \u00f3m\u00e6lda vinnu vi\u00f0 p\u00f6kkun og dreifingu kortanna og allir s\u00f6lusta\u00f0ir selja kortin \u00e1n \u00fe\u00f3knunar.\u00a0 \u00cd gegnum \u00e1rin hefur \u00fdmislegt anna\u00f0 veri\u00f0 gert til a\u00f0 afla fj\u00e1r svo sem fl\u00f3amarka\u00f0ir, bingo, happdr\u00e6tti og 1. ma\u00ed kaffi. Auk \u00feess grei\u00f0a Sv\u00f6lurnar f\u00e9lagsgj\u00f6ld og valkv\u00e6\u00f0 styrktarf\u00e9lagsgj\u00f6ld. Allt \u00feetta hefur gert f\u00e9laginu kleift a\u00f0 kaupa alls kyns t\u00e6ki fyrir\u00a0 stofnanir og sp\u00edtaladeildir og veita styrki til framhaldsn\u00e1ms \u00ed \u00fe\u00e1gu \u00feeirra sem minna mega s\u00edn \u00ed \u00fej\u00f3\u00f0f\u00e9laginu. Of langt yr\u00f0i a\u00f0 telja upp allar \u00fe\u00e6r millj\u00f3nir sem Sv\u00f6lurnar hafa l\u00e1ti\u00f0 af hendi rakna en \u00fe\u00e6r hafa m.a.styrkt MS f\u00e9lagi\u00f0 og MND f\u00e9lagi\u00f0 myndarlega undanfarin \u00e1r.<\/p>\n<p>Teki\u00f0 er vel \u00e1 m\u00f3ti n\u00fdjum Sv\u00f6lum og og \u00fea\u00f0 er g\u00f3\u00f0 tilfinning a\u00f0 \u00feessi\u00a0 \u00f6flugi h\u00f3pur l\u00e1ti gott af s\u00e9r lei\u00f0a til samf\u00e9lagsins um lei\u00f0 og \u00fe\u00e6r nj\u00f3ta skemmtilegra samvista. H\u00e9r \u00e1 s\u00ed\u00f0unni er h\u00e6gt a\u00f0 gerast f\u00e9lagi, sj\u00e1\u00a0 uppl\u00fdsingar um n\u00e6stu fundi og anna\u00f0 er vi\u00f0kemur starfseminni.<\/p>\n","protected":false},"excerpt":{"rendered":"<p>\u00c1ri\u00f0 1974 hittust nokkrar Loftlei\u00f0a flugfreyjur og vi\u00f0ru\u00f0u \u00fe\u00e1 hugmynd a\u00f0 stofna f\u00e9lag fyrrverandi og starfandi flugfreyja. Eins og konum einum er lagi\u00f0 var drifi\u00f0 \u00ed fyrsta fundi 14. mars \u00fea\u00f0 sama \u00e1r og formlega var svo f\u00e9lagi\u00f0 stofna\u00f0 \u00feann 5.ma\u00ed 1974. Starfs\u00e1ri\u00f0 h\u00f3fst svo me\u00f0 m\u00e1na\u00f0arlegum fundum um hausti\u00f0 og var flugfreyjum Flugf\u00e9lags \u00cdslands &hellip; <a href=\"https:\/\/svolurnar.is\/?page_id=35\" class=\"more-link\">Continue reading <span class=\"screen-reader-text\">Saga f\u00e9lagsins<\/span><\/a><\/p>\n","protected":false},"author":1,"featured_media":0,"parent":8,"menu_order":2,"comment_status":"closed","ping_status":"closed","template":"","meta":{"footnotes":""},"_links":{"self":[{"href":"https:\/\/svolurnar.is\/index.php?rest_route=\/wp\/v2\/pages\/35"}],"collection":[{"href":"https:\/\/svolurnar.is\/index.php?rest_route=\/wp\/v2\/pages"}],"about":[{"href":"https:\/\/svolurnar.is\/index.php?rest_route=\/wp\/v2\/types\/page"}],"author":[{"embeddable":true,"href":"https:\/\/svolurnar.is\/index.php?rest_route=\/wp\/v2\/users\/1"}],"replies":[{"embeddable":true,"href":"https:\/\/svolurnar.is\/index.php?rest_route=%2Fwp%2Fv2%2Fcomments&post=35"}],"version-history":[{"count":5,"href":"https:\/\/svolurnar.is\/index.php?rest_route=\/wp\/v2\/pages\/35\/revisions"}],"predecessor-version":[{"id":67,"href":"https:\/\/svolurnar.is\/index.php?rest_route=\/wp\/v2\/pages\/35\/revisions\/67"}],"up":[{"embeddable":true,"href":"https:\/\/svolurnar.is\/index.php?rest_route=\/wp\/v2\/pages\/8"}],"wp:attachment":[{"href":"https:\/\/svolurnar.is\/index.php?rest_route=%2Fwp%2Fv2%2Fmedia&parent=35"}],"curies":[{"name":"wp","href":"https:\/\/api.w.org\/{rel}","templated":true}]}}