{"id":29,"date":"2018-03-08T15:14:56","date_gmt":"2018-03-08T15:14:56","guid":{"rendered":"http:\/\/nyr.svolurnar.is\/?page_id=29"},"modified":"2018-08-29T17:30:51","modified_gmt":"2018-08-29T17:30:51","slug":"tilgangur-felagsins","status":"publish","type":"page","link":"https:\/\/svolurnar.is\/?page_id=29","title":{"rendered":"Tilgangur f\u00e9lagsins"},"content":{"rendered":"<p>Tilgangur f\u00e9lagsins er tvenns konar; \u00ed fyrsta lagi a\u00f0 vi\u00f0halda kunningsskap og vin\u00e1ttu starfandi og fyrrverandi flugfreyja og flug\u00fej\u00f3na og \u00ed \u00f6\u00f0ru lagi a\u00f0 l\u00e1ta eitthva\u00f0 gott af s\u00e9r lei\u00f0a.<\/p>\n<p>Allir \u00feeir sem starfa, e\u00f0a hafa starfa\u00f0, sem flugfreyjur e\u00f0a flug\u00fej\u00f3nar eru velkomnir \u00ed f\u00e9lagi\u00f0. \u00dev\u00ed fleiri Sv\u00f6lur \u00fev\u00ed \u00f6flugra ver\u00f0ur starfi\u00f0 og unnt a\u00f0 veita fleiri g\u00f3\u00f0um m\u00e1lum li\u00f0.<\/p>\n<p>Fundir f\u00e9lagsins eru kv\u00f6ldver\u00f0arfundir, skemmtilegir og fr\u00e6\u00f0andi, haldnir fyrsta \u00feri\u00f0judag hvers m\u00e1na\u00f0ar yfir vetrarm\u00e1nu\u00f0ina fr\u00e1 okt\u00f3ber fram \u00ed ma\u00ed, a\u00f0 jan\u00faarm\u00e1nu\u00f0i undanskildum. Vorfer\u00f0 Svalanna er venjulega farin um mi\u00f0jan ma\u00ed og hefur hef\u00f0 skapast fyrir \u00fev\u00ed a\u00f0 a\u00f0alfundur er haldinn \u00ed fer\u00f0inni.<\/p>\n<p>Undanfarin \u00e1r hefur a\u00f0alfj\u00e1r\u00f6flunarlei\u00f0 f\u00e9lagsins veri\u00f0 sala j\u00f3lakorta, gjafakorta og minningakorta. N\u00fa hefur s\u00f6lu j\u00f3lakorta veri\u00f0 h\u00e6tt, en t\u00e6kif\u00e6riskortin eru enn til s\u00f6lu. Fr\u00e1 \u00fev\u00ed f\u00e9lagi\u00f0 var stofna\u00f0 hafa Sv\u00f6lurnar styrkt fj\u00f6lm\u00f6rg f\u00e9l\u00f6g og einstaklinga. \u00deessi \u00fe\u00e1ttur starfsins er mj\u00f6g gefandi og \u00e1n\u00e6gjulegt a\u00f0 f\u00e9lagi\u00f0 geti lagt sitt af m\u00f6rkum til g\u00f3\u00f0ra m\u00e1la.<\/p>\n<p>&nbsp;<\/p>\n<p>&nbsp;<\/p>\n","protected":false},"excerpt":{"rendered":"<p>Tilgangur f\u00e9lagsins er tvenns konar; \u00ed fyrsta lagi a\u00f0 vi\u00f0halda kunningsskap og vin\u00e1ttu starfandi og fyrrverandi flugfreyja og flug\u00fej\u00f3na og \u00ed \u00f6\u00f0ru lagi a\u00f0 l\u00e1ta eitthva\u00f0 gott af s\u00e9r lei\u00f0a. Allir \u00feeir sem starfa, e\u00f0a hafa starfa\u00f0, sem flugfreyjur e\u00f0a flug\u00fej\u00f3nar eru velkomnir \u00ed f\u00e9lagi\u00f0. \u00dev\u00ed fleiri Sv\u00f6lur \u00fev\u00ed \u00f6flugra ver\u00f0ur starfi\u00f0 og unnt a\u00f0 &hellip; <a href=\"https:\/\/svolurnar.is\/?page_id=29\" class=\"more-link\">Continue reading <span class=\"screen-reader-text\">Tilgangur f\u00e9lagsins<\/span><\/a><\/p>\n","protected":false},"author":1,"featured_media":0,"parent":8,"menu_order":1,"comment_status":"closed","ping_status":"closed","template":"","meta":{"footnotes":""},"_links":{"self":[{"href":"https:\/\/svolurnar.is\/index.php?rest_route=\/wp\/v2\/pages\/29"}],"collection":[{"href":"https:\/\/svolurnar.is\/index.php?rest_route=\/wp\/v2\/pages"}],"about":[{"href":"https:\/\/svolurnar.is\/index.php?rest_route=\/wp\/v2\/types\/page"}],"author":[{"embeddable":true,"href":"https:\/\/svolurnar.is\/index.php?rest_route=\/wp\/v2\/users\/1"}],"replies":[{"embeddable":true,"href":"https:\/\/svolurnar.is\/index.php?rest_route=%2Fwp%2Fv2%2Fcomments&post=29"}],"version-history":[{"count":5,"href":"https:\/\/svolurnar.is\/index.php?rest_route=\/wp\/v2\/pages\/29\/revisions"}],"predecessor-version":[{"id":389,"href":"https:\/\/svolurnar.is\/index.php?rest_route=\/wp\/v2\/pages\/29\/revisions\/389"}],"up":[{"embeddable":true,"href":"https:\/\/svolurnar.is\/index.php?rest_route=\/wp\/v2\/pages\/8"}],"wp:attachment":[{"href":"https:\/\/svolurnar.is\/index.php?rest_route=%2Fwp%2Fv2%2Fmedia&parent=29"}],"curies":[{"name":"wp","href":"https:\/\/api.w.org\/{rel}","templated":true}]}}