{"id":264,"date":"2018-04-26T21:25:42","date_gmt":"2018-04-26T21:25:42","guid":{"rendered":"http:\/\/nyr.svolurnar.is\/?page_id=264"},"modified":"2024-11-06T18:01:56","modified_gmt":"2024-11-06T18:01:56","slug":"fundargerdir","status":"publish","type":"page","link":"https:\/\/svolurnar.is\/?page_id=264","title":{"rendered":"Fundarger\u00f0ir"},"content":{"rendered":"<header>\n<h1 class=\"title\"><\/h1>\n<\/header>\n<div class=\"content clearfix\">\n<p>Fundarger\u00f0ir f\u00e9lagsins eru birtar \u00ed loku\u00f0um h\u00f3pi \u00e1 Facebook.<\/p>\n<\/div>\n","protected":false},"excerpt":{"rendered":"<p>Fundarger\u00f0ir f\u00e9lagsins eru birtar \u00ed loku\u00f0um h\u00f3pi \u00e1 Facebook.<\/p>\n","protected":false},"author":1,"featured_media":0,"parent":0,"menu_order":0,"comment_status":"closed","ping_status":"closed","template":"","meta":{"footnotes":""},"_links":{"self":[{"href":"https:\/\/svolurnar.is\/index.php?rest_route=\/wp\/v2\/pages\/264"}],"collection":[{"href":"https:\/\/svolurnar.is\/index.php?rest_route=\/wp\/v2\/pages"}],"about":[{"href":"https:\/\/svolurnar.is\/index.php?rest_route=\/wp\/v2\/types\/page"}],"author":[{"embeddable":true,"href":"https:\/\/svolurnar.is\/index.php?rest_route=\/wp\/v2\/users\/1"}],"replies":[{"embeddable":true,"href":"https:\/\/svolurnar.is\/index.php?rest_route=%2Fwp%2Fv2%2Fcomments&post=264"}],"version-history":[{"count":2,"href":"https:\/\/svolurnar.is\/index.php?rest_route=\/wp\/v2\/pages\/264\/revisions"}],"predecessor-version":[{"id":1171,"href":"https:\/\/svolurnar.is\/index.php?rest_route=\/wp\/v2\/pages\/264\/revisions\/1171"}],"wp:attachment":[{"href":"https:\/\/svolurnar.is\/index.php?rest_route=%2Fwp%2Fv2%2Fmedia&parent=264"}],"curies":[{"name":"wp","href":"https:\/\/api.w.org\/{rel}","templated":true}]}}