{"id":166,"date":"2018-04-16T21:34:50","date_gmt":"2018-04-16T21:34:50","guid":{"rendered":"http:\/\/nyr.svolurnar.is\/?page_id=166"},"modified":"2018-08-29T11:21:21","modified_gmt":"2018-08-29T11:21:21","slug":"fundir","status":"publish","type":"page","link":"https:\/\/svolurnar.is\/?page_id=166","title":{"rendered":"Fundir"},"content":{"rendered":"<h1>F\u00e9lagsfundir<\/h1>\n<p>F\u00e9lagsfundir eru yfirleitt haldnir 1. \u00feri\u00f0judag \u00ed m\u00e1nu\u00f0i yfir vetrart\u00edmann. Fundirnir eru kv\u00f6ldver\u00f0arfundir, en m\u00e1lsver\u00f0ur er ni\u00f0urgreiddur \u00far f\u00e9lagssj\u00f3\u00f0i.<\/p>\n<p>N\u00e1nari uppl\u00fdsingar um fundi er a\u00f0 finna \u00e1 loka\u00f0ri facebooks\u00ed\u00f0u f\u00e9lagsins en dagsetningar m\u00e1 sj\u00e1 h\u00e9r \u00e1 s\u00ed\u00f0unni undir vi\u00f0bur\u00f0ir.<\/p>\n<p>https:\/\/www.facebook.com\/groups\/svolurnar\/<\/p>\n","protected":false},"excerpt":{"rendered":"<p>F\u00e9lagsfundir F\u00e9lagsfundir eru yfirleitt haldnir 1. \u00feri\u00f0judag \u00ed m\u00e1nu\u00f0i yfir vetrart\u00edmann. Fundirnir eru kv\u00f6ldver\u00f0arfundir, en m\u00e1lsver\u00f0ur er ni\u00f0urgreiddur \u00far f\u00e9lagssj\u00f3\u00f0i. N\u00e1nari uppl\u00fdsingar um fundi er a\u00f0 finna \u00e1 loka\u00f0ri facebooks\u00ed\u00f0u f\u00e9lagsins en dagsetningar m\u00e1 sj\u00e1 h\u00e9r \u00e1 s\u00ed\u00f0unni undir vi\u00f0bur\u00f0ir. https:\/\/www.facebook.com\/groups\/svolurnar\/<\/p>\n","protected":false},"author":1,"featured_media":0,"parent":164,"menu_order":1,"comment_status":"closed","ping_status":"closed","template":"","meta":{"footnotes":""},"_links":{"self":[{"href":"https:\/\/svolurnar.is\/index.php?rest_route=\/wp\/v2\/pages\/166"}],"collection":[{"href":"https:\/\/svolurnar.is\/index.php?rest_route=\/wp\/v2\/pages"}],"about":[{"href":"https:\/\/svolurnar.is\/index.php?rest_route=\/wp\/v2\/types\/page"}],"author":[{"embeddable":true,"href":"https:\/\/svolurnar.is\/index.php?rest_route=\/wp\/v2\/users\/1"}],"replies":[{"embeddable":true,"href":"https:\/\/svolurnar.is\/index.php?rest_route=%2Fwp%2Fv2%2Fcomments&post=166"}],"version-history":[{"count":5,"href":"https:\/\/svolurnar.is\/index.php?rest_route=\/wp\/v2\/pages\/166\/revisions"}],"predecessor-version":[{"id":371,"href":"https:\/\/svolurnar.is\/index.php?rest_route=\/wp\/v2\/pages\/166\/revisions\/371"}],"up":[{"embeddable":true,"href":"https:\/\/svolurnar.is\/index.php?rest_route=\/wp\/v2\/pages\/164"}],"wp:attachment":[{"href":"https:\/\/svolurnar.is\/index.php?rest_route=%2Fwp%2Fv2%2Fmedia&parent=166"}],"curies":[{"name":"wp","href":"https:\/\/api.w.org\/{rel}","templated":true}]}}