{"id":153,"date":"2018-04-16T21:12:25","date_gmt":"2018-04-16T21:12:25","guid":{"rendered":"http:\/\/nyr.svolurnar.is\/?page_id=153"},"modified":"2025-11-18T13:31:00","modified_gmt":"2025-11-18T13:31:00","slug":"fjarframlog","status":"publish","type":"page","link":"https:\/\/svolurnar.is\/?page_id=153","title":{"rendered":"Fj\u00e1rframl\u00f6g"},"content":{"rendered":"<p>H\u00e6gt er a\u00f0 leggja okkur li\u00f0 me\u00f0 \u00fevi a\u00f0 leggja inn \u00e1 reikning styrktarsj\u00f3\u00f0s Svalanna.<\/p>\n<p>RN: 0370 &#8211; 22 &#8211; 075784<\/p>\n<p>KT: 570177-0959<\/p>\n","protected":false},"excerpt":{"rendered":"<p>H\u00e6gt er a\u00f0 leggja okkur li\u00f0 me\u00f0 \u00fevi a\u00f0 leggja inn \u00e1 reikning styrktarsj\u00f3\u00f0s Svalanna. RN: 0370 &#8211; 22 &#8211; 075784 KT: 570177-0959<\/p>\n","protected":false},"author":1,"featured_media":99,"parent":124,"menu_order":3,"comment_status":"closed","ping_status":"closed","template":"","meta":{"footnotes":""},"_links":{"self":[{"href":"https:\/\/svolurnar.is\/index.php?rest_route=\/wp\/v2\/pages\/153"}],"collection":[{"href":"https:\/\/svolurnar.is\/index.php?rest_route=\/wp\/v2\/pages"}],"about":[{"href":"https:\/\/svolurnar.is\/index.php?rest_route=\/wp\/v2\/types\/page"}],"author":[{"embeddable":true,"href":"https:\/\/svolurnar.is\/index.php?rest_route=\/wp\/v2\/users\/1"}],"replies":[{"embeddable":true,"href":"https:\/\/svolurnar.is\/index.php?rest_route=%2Fwp%2Fv2%2Fcomments&post=153"}],"version-history":[{"count":3,"href":"https:\/\/svolurnar.is\/index.php?rest_route=\/wp\/v2\/pages\/153\/revisions"}],"predecessor-version":[{"id":1197,"href":"https:\/\/svolurnar.is\/index.php?rest_route=\/wp\/v2\/pages\/153\/revisions\/1197"}],"up":[{"embeddable":true,"href":"https:\/\/svolurnar.is\/index.php?rest_route=\/wp\/v2\/pages\/124"}],"wp:featuredmedia":[{"embeddable":true,"href":"https:\/\/svolurnar.is\/index.php?rest_route=\/wp\/v2\/media\/99"}],"wp:attachment":[{"href":"https:\/\/svolurnar.is\/index.php?rest_route=%2Fwp%2Fv2%2Fmedia&parent=153"}],"curies":[{"name":"wp","href":"https:\/\/api.w.org\/{rel}","templated":true}]}}