{"id":151,"date":"2018-04-16T21:12:10","date_gmt":"2018-04-16T21:12:10","guid":{"rendered":"http:\/\/nyr.svolurnar.is\/?page_id=151"},"modified":"2024-06-18T21:49:12","modified_gmt":"2024-06-18T21:49:12","slug":"fjaroflunarleidir","status":"publish","type":"page","link":"https:\/\/svolurnar.is\/?page_id=151","title":{"rendered":"Fj\u00e1r\u00f6flunarlei\u00f0ir"},"content":{"rendered":"<h1>J\u00f3lakort<\/h1>\n<p>Ein a\u00f0alfj\u00e1r\u00f6flunarlei\u00f0 Svalanna var til margra \u00e1ra sala \u00e1 j\u00f3lakortum. Me\u00f0 breyttum \u00e1herslum og hef\u00f0um \u00ed \u00fej\u00f3\u00f0f\u00e9laginu hefur s\u00f6lu \u00feeirra veri\u00f0 a\u00f0 mestu h\u00e6tt (2017). L\u00edti\u00f0 upplag af eldri kortum er \u00fe\u00f3 enn til og m\u00e1 n\u00e1lgast \u00feau \u00e1 skrifstofu Svalanna , St\u00f3rh\u00f6f\u00f0a 29, 110 Reykjav\u00edk.<\/p>\n<p>Sj\u00e1 n\u00e1nar h\u00e9r a\u00f0 ne\u00f0an.<\/p>\n<blockquote class=\"wp-embedded-content\" data-secret=\"D158EoxYap\"><p><a href=\"https:\/\/svolurnar.is\/?page_id=412\">J\u00f3lakort Svalanna<\/a><\/p><\/blockquote>\n<p><iframe class=\"wp-embedded-content\" sandbox=\"allow-scripts\" security=\"restricted\" style=\"position: absolute; clip: rect(1px, 1px, 1px, 1px);\" title=\"&#8220;J\u00f3lakort Svalanna&#8221; &#8212; Sv\u00f6lurnar\" src=\"https:\/\/svolurnar.is\/?page_id=412&#038;embed=true#?secret=Az9mF30yEY#?secret=D158EoxYap\" data-secret=\"D158EoxYap\" width=\"600\" height=\"338\" frameborder=\"0\" marginwidth=\"0\" marginheight=\"0\" scrolling=\"no\"><\/iframe><\/p>\n<p>Vinsamlegast hafi\u00f0 samband \u00e1 netfangi\u00f0: <a href=\"mailto:svolurnar@svolurnar.is\">svolurnar@svolurnar.is<\/a><\/p>\n<p>e\u00f0a \u00ed s\u00edma 896-0948 &#8211; \u00de\u00f3runn<\/p>\n<p>Bendum \u00e1 a\u00f0\u00a0 h\u00e6gt er a\u00f0 kaupa gjafa- og minningarkort til styrktar Sv\u00f6lunum.<\/p>\n<p><img loading=\"lazy\" decoding=\"async\" class=\"alignnone  wp-image-1122\" src=\"http:\/\/svolurnar.is\/wp-content\/uploads\/2024\/06\/gjafakort-gyllt-300x106-1.jpg\" alt=\"\" width=\"393\" height=\"139\" \/><br \/>\n<img loading=\"lazy\" decoding=\"async\" class=\"alignnone size-full wp-image-1123\" src=\"http:\/\/svolurnar.is\/wp-content\/uploads\/2024\/06\/Hvitt-litid-samudar-300x191-300x191-300x191-1.jpg\" alt=\"\" width=\"300\" height=\"191\" \/><\/p>\n<p><img loading=\"lazy\" decoding=\"async\" class=\"alignnone  wp-image-1116\" src=\"http:\/\/svolurnar.is\/wp-content\/uploads\/2024\/06\/Svolukort-m-umslagi-minna-75-IMG_8824-1.jpeg\" alt=\"\" width=\"391\" height=\"238\" srcset=\"https:\/\/svolurnar.is\/wp-content\/uploads\/2024\/06\/Svolukort-m-umslagi-minna-75-IMG_8824-1.jpeg 752w, https:\/\/svolurnar.is\/wp-content\/uploads\/2024\/06\/Svolukort-m-umslagi-minna-75-IMG_8824-1-300x183.jpeg 300w, https:\/\/svolurnar.is\/wp-content\/uploads\/2024\/06\/Svolukort-m-umslagi-minna-75-IMG_8824-1-624x380.jpeg 624w\" sizes=\"(max-width: 391px) 100vw, 391px\" \/><\/p>\n","protected":false},"excerpt":{"rendered":"<p>J\u00f3lakort Ein a\u00f0alfj\u00e1r\u00f6flunarlei\u00f0 Svalanna var til margra \u00e1ra sala \u00e1 j\u00f3lakortum. Me\u00f0 breyttum \u00e1herslum og hef\u00f0um \u00ed \u00fej\u00f3\u00f0f\u00e9laginu hefur s\u00f6lu \u00feeirra veri\u00f0 a\u00f0 mestu h\u00e6tt (2017). L\u00edti\u00f0 upplag af eldri kortum er \u00fe\u00f3 enn til og m\u00e1 n\u00e1lgast \u00feau \u00e1 skrifstofu Svalanna , St\u00f3rh\u00f6f\u00f0a 29, 110 Reykjav\u00edk. Sj\u00e1 n\u00e1nar h\u00e9r a\u00f0 ne\u00f0an. J\u00f3lakort Svalanna Vinsamlegast &hellip; <a href=\"https:\/\/svolurnar.is\/?page_id=151\" class=\"more-link\">Continue reading <span class=\"screen-reader-text\">Fj\u00e1r\u00f6flunarlei\u00f0ir<\/span><\/a><\/p>\n","protected":false},"author":1,"featured_media":0,"parent":124,"menu_order":2,"comment_status":"closed","ping_status":"closed","template":"","meta":{"footnotes":""},"_links":{"self":[{"href":"https:\/\/svolurnar.is\/index.php?rest_route=\/wp\/v2\/pages\/151"}],"collection":[{"href":"https:\/\/svolurnar.is\/index.php?rest_route=\/wp\/v2\/pages"}],"about":[{"href":"https:\/\/svolurnar.is\/index.php?rest_route=\/wp\/v2\/types\/page"}],"author":[{"embeddable":true,"href":"https:\/\/svolurnar.is\/index.php?rest_route=\/wp\/v2\/users\/1"}],"replies":[{"embeddable":true,"href":"https:\/\/svolurnar.is\/index.php?rest_route=%2Fwp%2Fv2%2Fcomments&post=151"}],"version-history":[{"count":9,"href":"https:\/\/svolurnar.is\/index.php?rest_route=\/wp\/v2\/pages\/151\/revisions"}],"predecessor-version":[{"id":1126,"href":"https:\/\/svolurnar.is\/index.php?rest_route=\/wp\/v2\/pages\/151\/revisions\/1126"}],"up":[{"embeddable":true,"href":"https:\/\/svolurnar.is\/index.php?rest_route=\/wp\/v2\/pages\/124"}],"wp:attachment":[{"href":"https:\/\/svolurnar.is\/index.php?rest_route=%2Fwp%2Fv2%2Fmedia&parent=151"}],"curies":[{"name":"wp","href":"https:\/\/api.w.org\/{rel}","templated":true}]}}