{"id":113,"date":"2018-04-16T20:38:23","date_gmt":"2018-04-16T20:38:23","guid":{"rendered":"http:\/\/nyr.svolurnar.is\/?page_id=113"},"modified":"2025-11-18T13:04:15","modified_gmt":"2025-11-18T13:04:15","slug":"fyrirspurnir","status":"publish","type":"page","link":"https:\/\/svolurnar.is\/?page_id=113","title":{"rendered":"Fyrirspurnir"},"content":{"rendered":"<p>Vinsamlegast sendi\u00f0 fyrirspurnir \u00e1 netfangi\u00f0:<\/p>\n<p><strong>svolurnar@svolurnar.is<\/strong><\/p>\n","protected":false},"excerpt":{"rendered":"<p>Vinsamlegast sendi\u00f0 fyrirspurnir \u00e1 netfangi\u00f0: svolurnar@svolurnar.is<\/p>\n","protected":false},"author":1,"featured_media":0,"parent":9,"menu_order":2,"comment_status":"closed","ping_status":"closed","template":"","meta":{"footnotes":""},"_links":{"self":[{"href":"https:\/\/svolurnar.is\/index.php?rest_route=\/wp\/v2\/pages\/113"}],"collection":[{"href":"https:\/\/svolurnar.is\/index.php?rest_route=\/wp\/v2\/pages"}],"about":[{"href":"https:\/\/svolurnar.is\/index.php?rest_route=\/wp\/v2\/types\/page"}],"author":[{"embeddable":true,"href":"https:\/\/svolurnar.is\/index.php?rest_route=\/wp\/v2\/users\/1"}],"replies":[{"embeddable":true,"href":"https:\/\/svolurnar.is\/index.php?rest_route=%2Fwp%2Fv2%2Fcomments&post=113"}],"version-history":[{"count":8,"href":"https:\/\/svolurnar.is\/index.php?rest_route=\/wp\/v2\/pages\/113\/revisions"}],"predecessor-version":[{"id":1195,"href":"https:\/\/svolurnar.is\/index.php?rest_route=\/wp\/v2\/pages\/113\/revisions\/1195"}],"up":[{"embeddable":true,"href":"https:\/\/svolurnar.is\/index.php?rest_route=\/wp\/v2\/pages\/9"}],"wp:attachment":[{"href":"https:\/\/svolurnar.is\/index.php?rest_route=%2Fwp%2Fv2%2Fmedia&parent=113"}],"curies":[{"name":"wp","href":"https:\/\/api.w.org\/{rel}","templated":true}]}}