{"id":111,"date":"2018-04-16T20:37:57","date_gmt":"2018-04-16T20:37:57","guid":{"rendered":"http:\/\/nyr.svolurnar.is\/?page_id=111"},"modified":"2025-11-18T13:03:13","modified_gmt":"2025-11-18T13:03:13","slug":"nyskraning","status":"publish","type":"page","link":"https:\/\/svolurnar.is\/?page_id=111","title":{"rendered":"N\u00fdskr\u00e1ning"},"content":{"rendered":"\n<p>Vinsamlegast senda ums\u00f3kn \u00ed netp\u00f3sti \u00e1:\u00a0 <strong>svolurnar@svolurnar.is<\/strong>\u00a0<\/p>\n\n\n\n<p>Nafn, heimilisfang og s\u00edman\u00famer \u00e1samt kennit\u00f6lu \u00fearf a\u00f0 koma fram.&nbsp; Einnig gaman a\u00f0 vita hven\u00e6r \u00fe\u00fa starfa\u00f0ir sem flugfreyja\/-\u00fej\u00f3nn, e\u00f0a s\u00ed\u00f0an hven\u00e6r ef \u00fe\u00fa ert enn starfandi og hj\u00e1 hva\u00f0a flugf\u00e9lagi.<\/p>\n\n\n\n<p>\u00dea\u00f0 m\u00e1 l\u00edka hringja \u00ed:<br>\u00de\u00f3runni Steingr\u00edmsd\u00f3ttur, formann&nbsp; \u2013 s\u00edmi 896-0948 e\u00f0a<br>\u00d6nnu D\u00f3ru Gu\u00f0mundsd\u00f3ttur, ritara&nbsp; \u2013 s\u00edmi 898-6863<\/p>\n\n\n\n<p><\/p>\n\n\n\n<p><\/p>\n","protected":false},"excerpt":{"rendered":"<p>Vinsamlegast senda ums\u00f3kn \u00ed netp\u00f3sti \u00e1:\u00a0 svolurnar@svolurnar.is\u00a0 Nafn, heimilisfang og s\u00edman\u00famer \u00e1samt kennit\u00f6lu \u00fearf a\u00f0 koma fram.&nbsp; Einnig gaman a\u00f0 vita hven\u00e6r \u00fe\u00fa starfa\u00f0ir sem flugfreyja\/-\u00fej\u00f3nn, e\u00f0a s\u00ed\u00f0an hven\u00e6r ef \u00fe\u00fa ert enn starfandi og hj\u00e1 hva\u00f0a flugf\u00e9lagi. \u00dea\u00f0 m\u00e1 l\u00edka hringja \u00ed:\u00de\u00f3runni Steingr\u00edmsd\u00f3ttur, formann&nbsp; \u2013 s\u00edmi 896-0948 e\u00f0a\u00d6nnu D\u00f3ru Gu\u00f0mundsd\u00f3ttur, ritara&nbsp; \u2013 s\u00edmi 898-6863<\/p>\n","protected":false},"author":1,"featured_media":0,"parent":9,"menu_order":1,"comment_status":"closed","ping_status":"closed","template":"","meta":{"footnotes":""},"_links":{"self":[{"href":"https:\/\/svolurnar.is\/index.php?rest_route=\/wp\/v2\/pages\/111"}],"collection":[{"href":"https:\/\/svolurnar.is\/index.php?rest_route=\/wp\/v2\/pages"}],"about":[{"href":"https:\/\/svolurnar.is\/index.php?rest_route=\/wp\/v2\/types\/page"}],"author":[{"embeddable":true,"href":"https:\/\/svolurnar.is\/index.php?rest_route=\/wp\/v2\/users\/1"}],"replies":[{"embeddable":true,"href":"https:\/\/svolurnar.is\/index.php?rest_route=%2Fwp%2Fv2%2Fcomments&post=111"}],"version-history":[{"count":11,"href":"https:\/\/svolurnar.is\/index.php?rest_route=\/wp\/v2\/pages\/111\/revisions"}],"predecessor-version":[{"id":1194,"href":"https:\/\/svolurnar.is\/index.php?rest_route=\/wp\/v2\/pages\/111\/revisions\/1194"}],"up":[{"embeddable":true,"href":"https:\/\/svolurnar.is\/index.php?rest_route=\/wp\/v2\/pages\/9"}],"wp:attachment":[{"href":"https:\/\/svolurnar.is\/index.php?rest_route=%2Fwp%2Fv2%2Fmedia&parent=111"}],"curies":[{"name":"wp","href":"https:\/\/api.w.org\/{rel}","templated":true}]}}